{"id":337,"date":"2023-05-10T15:18:05","date_gmt":"2023-05-10T15:18:05","guid":{"rendered":"https:\/\/www.favini.com\/gs\/?page_id=337"},"modified":"2026-02-12T15:19:07","modified_gmt":"2026-02-12T14:19:07","slug":"goffrature","status":"publish","type":"page","link":"https:\/\/www.favini.com\/gs\/goffrature\/","title":{"rendered":"Goffrature"},"content":{"rendered":"\n<p>Classico effetto telato, rigato, pelle e martellato: scopri tutte le goffrature possibili che renderanno la tua carta una vera e propria esperienza tattile. Scopri anche i disegni ispirati alla natura e alla geometria. <\/p>\n\n\n\n<p>Le nostre carte <a href=\"https:\/\/www.favini.com\/gs\/products\/biancoflash\/\" target=\"_blank\" rel=\"noreferrer noopener\">Biancoflash<\/a>, <a href=\"https:\/\/www.favini.com\/gs\/products\/classy-covers\/\" target=\"_blank\" rel=\"noreferrer noopener\">Classy Covers<\/a>, <a href=\"https:\/\/www.favini.com\/gs\/products\/remake\/\" target=\"_blank\" rel=\"noreferrer noopener\">Remake<\/a>, <a href=\"https:\/\/www.favini.com\/gs\/products\/lunar\/\" target=\"_blank\" rel=\"noreferrer noopener\">Lunar <\/a>e <a href=\"https:\/\/www.favini.com\/gs\/products\/the-tube\/\" target=\"_blank\" rel=\"noreferrer noopener\">The Tube<\/a> hanno gi\u00e0 alcune di queste finiture tra cui scegliere, ma anche per quantit\u00e0 basse, \u00e8 possibile applicarle su quasi tutte le altre nostre carte.<\/p>\n\n\n\n<p><a href=\"https:\/\/www.favini.com\/gs\/contattaci\/\">Contattaci<\/a> per ricevere informazioni sulla personalizzazione o per ricevere il nostro campionario \u201cEmbossed\u201d.<\/p>\n","protected":false},"excerpt":{"rendered":"<p>Classico effetto telato, rigato, pelle e martellato: scopri tutte le goffrature possibili che renderanno la tua carta una vera e propria esperienza tattile. Scopri anche i disegni ispirati alla natura e alla geometria. Le nostre carte Biancoflash, Classy Covers, Remake, Lunar e The Tube hanno gi\u00e0 alcune di queste finiture tra cui scegliere, ma anche [&hellip;]<\/p>\n","protected":false},"author":2,"featured_media":0,"parent":0,"menu_order":0,"comment_status":"closed","ping_status":"closed","template":"template-goffrature.php","meta":{"_acf_changed":false,"footnotes":""},"class_list":["post-337","page","type-page","status-publish","hentry"],"acf":[],"yoast_head":"<!-- This site is optimized with the Yoast SEO plugin v27.2 - https:\/\/yoast.com\/product\/yoast-seo-wordpress\/ -->\n<title>Goffrature - Graphic Specialities<\/title>\n<meta name=\"description\" content=\"Effetto telato, rigato, pelle e martellato: scopri le goffrature possibili che renderanno la tua carta una vera e propria esperienza tattile.\" \/>\n<meta name=\"robots\" content=\"index, follow, max-snippet:-1, max-image-preview:large, max-video-preview:-1\" \/>\n<link rel=\"canonical\" href=\"https:\/\/www.favini.com\/gs\/goffrature\/\" \/>\n<meta property=\"og:locale\" content=\"it_IT\" \/>\n<meta property=\"og:type\" content=\"article\" \/>\n<meta property=\"og:title\" content=\"Goffrature - Graphic Specialities\" \/>\n<meta property=\"og:description\" content=\"Effetto telato, rigato, pelle e martellato: scopri le goffrature possibili che renderanno la tua carta una vera e propria esperienza tattile.\" \/>\n<meta property=\"og:url\" content=\"https:\/\/www.favini.com\/gs\/goffrature\/\" \/>\n<meta property=\"og:site_name\" content=\"Graphic Specialities\" \/>\n<meta property=\"article:modified_time\" content=\"2026-02-12T14:19:07+00:00\" \/>\n<meta name=\"twitter:card\" content=\"summary_large_image\" \/>\n<meta name=\"twitter:label1\" content=\"Tempo di lettura stimato\" \/>\n\t<meta name=\"twitter:data1\" content=\"1 minuto\" \/>\n<script type=\"application\/ld+json\" class=\"yoast-schema-graph\">{\"@context\":\"https:\/\/schema.org\",\"@graph\":[{\"@type\":\"WebPage\",\"@id\":\"https:\/\/www.favini.com\/gs\/goffrature\/\",\"url\":\"https:\/\/www.favini.com\/gs\/goffrature\/\",\"name\":\"Goffrature - Graphic Specialities\",\"isPartOf\":{\"@id\":\"https:\/\/www.favini.com\/gs\/#website\"},\"datePublished\":\"2023-05-10T15:18:05+00:00\",\"dateModified\":\"2026-02-12T14:19:07+00:00\",\"description\":\"Effetto telato, rigato, pelle e martellato: scopri le goffrature possibili che renderanno la tua carta una vera e propria esperienza tattile.\",\"breadcrumb\":{\"@id\":\"https:\/\/www.favini.com\/gs\/goffrature\/#breadcrumb\"},\"inLanguage\":\"it-IT\",\"potentialAction\":[{\"@type\":\"ReadAction\",\"target\":[\"https:\/\/www.favini.com\/gs\/goffrature\/\"]}]},{\"@type\":\"BreadcrumbList\",\"@id\":\"https:\/\/www.favini.com\/gs\/goffrature\/#breadcrumb\",\"itemListElement\":[{\"@type\":\"ListItem\",\"position\":1,\"name\":\"Home\",\"item\":\"https:\/\/www.favini.com\/gs\/\"},{\"@type\":\"ListItem\",\"position\":2,\"name\":\"Goffrature\"}]},{\"@type\":\"WebSite\",\"@id\":\"https:\/\/www.favini.com\/gs\/#website\",\"url\":\"https:\/\/www.favini.com\/gs\/\",\"name\":\"Graphic Specialities\",\"description\":\"\",\"potentialAction\":[{\"@type\":\"SearchAction\",\"target\":{\"@type\":\"EntryPoint\",\"urlTemplate\":\"https:\/\/www.favini.com\/gs\/?s={search_term_string}\"},\"query-input\":{\"@type\":\"PropertyValueSpecification\",\"valueRequired\":true,\"valueName\":\"search_term_string\"}}],\"inLanguage\":\"it-IT\"}]}<\/script>\n<!-- \/ Yoast SEO plugin. -->","yoast_head_json":{"title":"Goffrature - Graphic Specialities","description":"Effetto telato, rigato, pelle e martellato: scopri le goffrature possibili che renderanno la tua carta una vera e propria esperienza tattile.","robots":{"index":"index","follow":"follow","max-snippet":"max-snippet:-1","max-image-preview":"max-image-preview:large","max-video-preview":"max-video-preview:-1"},"canonical":"https:\/\/www.favini.com\/gs\/goffrature\/","og_locale":"it_IT","og_type":"article","og_title":"Goffrature - Graphic Specialities","og_description":"Effetto telato, rigato, pelle e martellato: scopri le goffrature possibili che renderanno la tua carta una vera e propria esperienza tattile.","og_url":"https:\/\/www.favini.com\/gs\/goffrature\/","og_site_name":"Graphic Specialities","article_modified_time":"2026-02-12T14:19:07+00:00","twitter_card":"summary_large_image","twitter_misc":{"Tempo di lettura stimato":"1 minuto"},"schema":{"@context":"https:\/\/schema.org","@graph":[{"@type":"WebPage","@id":"https:\/\/www.favini.com\/gs\/goffrature\/","url":"https:\/\/www.favini.com\/gs\/goffrature\/","name":"Goffrature - Graphic Specialities","isPartOf":{"@id":"https:\/\/www.favini.com\/gs\/#website"},"datePublished":"2023-05-10T15:18:05+00:00","dateModified":"2026-02-12T14:19:07+00:00","description":"Effetto telato, rigato, pelle e martellato: scopri le goffrature possibili che renderanno la tua carta una vera e propria esperienza tattile.","breadcrumb":{"@id":"https:\/\/www.favini.com\/gs\/goffrature\/#breadcrumb"},"inLanguage":"it-IT","potentialAction":[{"@type":"ReadAction","target":["https:\/\/www.favini.com\/gs\/goffrature\/"]}]},{"@type":"BreadcrumbList","@id":"https:\/\/www.favini.com\/gs\/goffrature\/#breadcrumb","itemListElement":[{"@type":"ListItem","position":1,"name":"Home","item":"https:\/\/www.favini.com\/gs\/"},{"@type":"ListItem","position":2,"name":"Goffrature"}]},{"@type":"WebSite","@id":"https:\/\/www.favini.com\/gs\/#website","url":"https:\/\/www.favini.com\/gs\/","name":"Graphic Specialities","description":"","potentialAction":[{"@type":"SearchAction","target":{"@type":"EntryPoint","urlTemplate":"https:\/\/www.favini.com\/gs\/?s={search_term_string}"},"query-input":{"@type":"PropertyValueSpecification","valueRequired":true,"valueName":"search_term_string"}}],"inLanguage":"it-IT"}]}},"lang":"it","translations":{"it":337,"en":840},"pll_sync_post":[],"_links":{"self":[{"href":"https:\/\/www.favini.com\/gs\/wp-json\/wp\/v2\/pages\/337","targetHints":{"allow":["GET"]}}],"collection":[{"href":"https:\/\/www.favini.com\/gs\/wp-json\/wp\/v2\/pages"}],"about":[{"href":"https:\/\/www.favini.com\/gs\/wp-json\/wp\/v2\/types\/page"}],"author":[{"embeddable":true,"href":"https:\/\/www.favini.com\/gs\/wp-json\/wp\/v2\/users\/2"}],"replies":[{"embeddable":true,"href":"https:\/\/www.favini.com\/gs\/wp-json\/wp\/v2\/comments?post=337"}],"version-history":[{"count":17,"href":"https:\/\/www.favini.com\/gs\/wp-json\/wp\/v2\/pages\/337\/revisions"}],"predecessor-version":[{"id":12033,"href":"https:\/\/www.favini.com\/gs\/wp-json\/wp\/v2\/pages\/337\/revisions\/12033"}],"wp:attachment":[{"href":"https:\/\/www.favini.com\/gs\/wp-json\/wp\/v2\/media?parent=337"}],"curies":[{"name":"wp","href":"https:\/\/api.w.org\/{rel}","templated":true}]}}