{"id":3793,"date":"2021-08-27T10:52:16","date_gmt":"2021-08-27T10:52:16","guid":{"rendered":"https:\/\/www.favini.com\/ct\/?page_id=3793"},"modified":"2021-08-27T10:52:24","modified_gmt":"2021-08-27T10:52:24","slug":"cookies","status":"publish","type":"page","link":"https:\/\/www.favini.com\/ct\/cookies\/","title":{"rendered":"Cookies"},"content":{"rendered":"\n<h5 class=\"wp-block-heading\">COOKIES E ALTRE INFORMAZIONI TECNICHE<\/h5>\n\n\n\n<p>I Cookies sono dei piccoli file di testo che i siti visitati inviano al dispositivo di navigazione utilizzato dall\u2019utente (solitamente un browser). Vengono memorizzati nella corrispondente cartella del browser mentre l\u2019utente \u00e8 intento a visitare un sito web, per essere poi ritrasmessi agli stessi siti alla visite successive.<br>Sono utilizzati allo scopo di migliorare la navigazione, salvare le preferenze utente gi\u00e0 inserite (username, password e simili), tracciare i gusti e le preferenze dell\u2019utente, permettendo di poter gestire iniziative di marketing mirate o l\u2019erogazione di servizi connessi all\u2019attivit\u00e0 del Titolare del Sito come newsletters, comunicazioni di servizio sul Sito ecc.<br>Qualora venissero poste delle limitazioni sul loro utilizzo, queste avranno degli effetti sulla fruibilit\u00e0 dei contenuti del sito durante la consultazione. E\u2019 sempre possibile per l\u2019utente effettuare il blocco preventivo o la rimozione di essi della cache del browser, ma tali azioni potrebbero causare una incompleta fruizione dei servizi offerti dall\u2019applicativo web.<\/p>\n\n\n\n<p>Il Sito&nbsp;<strong>www.favini.com<\/strong>&nbsp;utilizza le seguenti tipologie di cookies:<\/p>\n\n\n\n<p><strong>COOKIES TECNICI<\/strong><br>Sono cookies indispensabili al fine di consentire la navigazione ed utilizzare tutte le funzionalit\u00e0 del Sito. Questi cookies non raccolgono informazioni che permettono di identificare l\u2019utente. Se disabiliti, la fruizione dei contenuti del Sito potrebbe venire compromessa e risultare impossibile o fortemente limitata.<\/p>\n\n\n\n<p><strong>COOKIES DI SESSIONE<\/strong><br>Si tratta di un cookie tecnico con funzione di memorizzazione delle scelte dell\u2019utente all\u2019interno del sito che viene eliminato una volta usciti dal sito. Sono strettamente limitati alla trasmissione di identificativi di sessione (costituiti da numeri casuali generati dal server) necessari per consentire l\u2019esplorazione sicura ed efficiente del sito.<\/p>\n\n\n\n<p><strong>COOKIES ANALITICI<\/strong><br>Il Sito utilizza cookie analitici di terze parti di Google Analytics, per analizzare il modo in cui i visitatori navigano sul sito e per monitorarne gli accessi. Questo ci consente di offrire un\u2019esperienza di qualit\u00e0 elevata, modificando il Sito sulla base delle pagine effettivamente visitate dagli utenti. Il Sito www.favini.com non raccoglie informazioni che permettono di identificare l\u2019utente. Tutti i dati raccolti e condivisi con Google Inc. vengono anonimizzati (mediante eliminazione di significative componenti dell\u2019indirizzo IP sia di tipo IpV4 che IpV6) e vengono usati solo per migliorare il funzionamento del Sito Web. Ai fini normativi, i cookies Analytics di terze parti anonimizzati sono equiparati ai cookies tecnici e non necessitano di banner informativo, consenso informato e notificazione al Garante Privacy.<\/p>\n\n\n\n<p><strong>COOKIES DI TERZE PARTI<\/strong><\/p>\n\n\n\n<p>Visitando questo sito si possono ricevere cookie provenienti da siti gestiti da terze parti, alcuni di sessione altri permanenti.<br>Un esempio comune \u00e8 l\u2019utilizzo dei cd. \u201csocial plugin\u201d per i principali social network. Si tratta di parti della pagina visitata integrati direttamente nella pagina del sito ospitante.\u2028In particolare, sulle pagine di questo sito sono presenti i plugin di Facebook, Twitter, Linkedin, You Tube, Instagram e Pinterest al fine di migliorare l\u2019esperienza di navigazione dell\u2019utente mediante la condivisione dei contenuti sui social network.<br>La gestione delle informazioni raccolte dalle terze parti \u00e8 disciplinata dalle relative informative cui \u00e8 necessario fare riferimento per ogni chiarimento. Il titolare del trattamento non \u00e8 responsabile della operativit\u00e0 sul proprio sito di cookie\/plugin di terze parti. Tuttavia, per comodit\u00e0 e trasparenza, si riportano qui di seguito gli indirizzi web delle diverse informative. A tal fine, si vedano:<br>\u2013 l\u2019informativa privacy di Facebook reperibile all\u2019indirizzo:&nbsp;<a href=\"https:\/\/www.facebook.com\/policies\/cookies\/\" target=\"_blank\" rel=\"noreferrer noopener\">https:\/\/www.facebook.com\/policies\/cookies\/<\/a>;<br>\u2013 l\u2019informativa privacy di Twitter reperibile all\u2019indirizzo:&nbsp;<a href=\"https:\/\/twitter.com\/it\/privacy\" target=\"_blank\" rel=\"noreferrer noopener\">https:\/\/twitter.com\/it\/privacy<\/a>;<br>\u2013 l\u2019informativa privacy di Linkedin reperibile all\u2019indirizzo:&nbsp;<a href=\"https:\/\/www.linkedin.com\/legal\/privacy-policy\" target=\"_blank\" rel=\"noreferrer noopener\">https:\/\/www.linkedin.com\/legal\/privacy-policy<\/a>;<br>\u2013 l\u2019informativa privacy di Youtube reperibile all\u2019indirizzo:&nbsp;<a href=\"https:\/\/policies.google.com\/privacy?hl=it\" target=\"_blank\" rel=\"noreferrer noopener\">https:\/\/policies.google.com\/privacy?hl=it<\/a>.<br>\u2013 l\u2019informativa privacy di Instagram reperibile all\u2019indirizzo:&nbsp;<a href=\"https:\/\/help.instagram.com\/\" target=\"_blank\" rel=\"noreferrer noopener\">https:\/\/help.instagram.com\/<\/a>;<br>\u2013 l\u2019informativa privacy di Pinterest reperibile all\u2019indirizzo:&nbsp;<a href=\"https:\/\/policy.pinterest.com\/it\/privacy-policy\" target=\"_blank\" rel=\"noreferrer noopener\">https:\/\/policy.pinterest.com\/it\/privacy-policy<\/a>.<\/p>\n\n\n\n<p><strong>IL SITO WWW.FAVINI.COM NON UTILIZZA COOKIES DI PROFILAZIONE DI TERZE PARTI<\/strong><br>Sono i cookies utilizzati per tracciare la navigazione dell\u2019utente in rete e creare profili sui suoi gusti, abitudini, scelte, ecc. Con questi cookies possono essere trasmessi al terminale dell\u2019utente messaggi pubblicitari in linea con le preferenze gi\u00e0 manifestate dallo stesso utente nella navigazione online.<\/p>\n\n\n\n<p><strong>IMPOSTAZIONI DEL BROWSER SULL\u2019UTILIZZO DEI COOKIES<\/strong><br>L\u2019utente pu\u00f2 consentire o meno all\u2019installazione dei cookies sul proprio dispositivo (computer). Tuttavia, qualora venisse disabilitato l\u2019utilizzo dei cookies, alcune funzionalit\u00e0 del nostro sito potrebbero non essere disponibili ed usufruibili da parte dell\u2019utente. Le impostazioni relative a tale scelta possono essere verificate e modificate tramite i parametri di configurazione del Browser utilizzato.<\/p>\n\n\n\n<p><strong>COME POSSO DISATTIVARE I COOKIES?<\/strong><br>\u00c8 possibile modificare le impostazioni del browser per disattivare i cookie tramite una procedura molto semplice.<\/p>\n\n\n\n<p><strong>FIREFOX<\/strong><\/p>\n\n\n\n<ul class=\"wp-block-list\"><li>Apri Firefox.<\/li><li>Premi il pulsante \u201cAlt\u201d sulla tastiera.<\/li><li>Nella barra degli strumenti situata nella parte superiore del browser, seleziona \u201cStrumenti\u201d e successivamente \u201cOpzioni\u201d.<\/li><li>Seleziona quindi la scheda \u201cPrivacy\u201d.<\/li><li>Vai su \u201cImpostazioni Cronologia:\u201d e successivamente su \u201cUtilizza impostazioni personalizzate\u201d. Deseleziona \u201cAccetta i cookie dai siti\u201d e salva le preferenze.<\/li><\/ul>\n\n\n\n<p><strong>INTERNET EXPLORER<\/strong><\/p>\n\n\n\n<ul class=\"wp-block-list\"><li>Apri internet Explorer<\/li><li>Clicca su pulsante \u201cStrumenti\u201d e quindi su \u201cOpzioni Internet\u201d<\/li><li>Seleziona quindi la scheda \u201cPrivacy\u201d e sposta il dispositivo di scorrimento sul livello di Privacy che desideri impostare (verso l\u2019alto per bloccare tutti i cookies; verso il basso per consentirli tutti)<\/li><li>Clicca su \u201cOk\u201d<\/li><\/ul>\n\n\n\n<p><strong>GOOGLE CHROME<\/strong><\/p>\n\n\n\n<ul class=\"wp-block-list\"><li>Apri Google Chrome.<\/li><li>Clicca sull\u2019icona \u201cStrumenti\u201d.<\/li><li>Seleziona \u201cImpostazioni\u201d e successivamente \u201cImpostazioni avanzate\u201d.<\/li><li>Seleziona \u201cImpostazioni dei contenuti\u201d sotto la voce \u201cPrivacy\u201d.<\/li><li>Sotto la voce \u201cCookie\u201d sar\u00e0 possibile bloccare in parte o completamente i cookie. Accedendo alla scheda \u201cCookie e dati dei siti\u201d sar\u00e0 possibile cercare e cancellare specifici cookie.<\/li><\/ul>\n\n\n\n<p>oppure<\/p>\n\n\n\n<p>Digita chrome:\/\/settings\/cookies nella barra degli indirizzi e premi invio.<\/p>\n\n\n\n<p>Accederai alla scheda \u201cCookie e dati dei siti\u201d dove sar\u00e0 possibile cercare e cancellare specifici cookie.<\/p>\n\n\n\n<p><strong>SAFARI<\/strong><\/p>\n\n\n\n<ul class=\"wp-block-list\"><li>Apri Safari.<\/li><li>Scegli \u201cPreferenze\u201d nella barra degli strumenti, quindi seleziona il pannello \u201cSicurezza\u201d nella finestra di dialogo che segue.<\/li><li>Nella sezione \u201cAccetta cookie\u201d \u00e8 possibile specificare se e quando Safari deve salvare i cookie dai siti web. Per ulteriori informazioni clicca sul pulsante di Aiuto (contrassegnato da un punto interrogativo).<\/li><li>Per maggiori informazioni sui cookie memorizzati sul tuo computer, clicca su \u201cMostra cookie\u201d.<\/li><\/ul>\n\n\n\n<p><strong>PREFERENZE DEI COOKIES<\/strong><br>Il sito www.favini.com utilizza i cookies per rilevare e memorizzare le preferenze dell\u2019utente. Tuttavia, nel caso in cui l\u2019utente stesso rimuova i cookies al momento della cancellazione della memoria cache, verr\u00e0 chiesto di aggiornare nuovamente le preferenze. Inoltre, verr\u00e0 richiesto periodicamente all\u2019utente di riconfermare le preferenze in merito ai i cookies utilizzati. I cookies sono impostati a livello di dispositivo. Questo significa che, qualora l\u2019utente dovesse visitare il nostro Sito da un altro dispositivo, chiederemo di impostare di nuovo le preferenze.<\/p>\n","protected":false},"excerpt":{"rendered":"<p>COOKIES E ALTRE INFORMAZIONI TECNICHE I Cookies sono dei piccoli file di testo che i siti visitati inviano al dispositivo di navigazione utilizzato dall\u2019utente (solitamente un browser). Vengono memorizzati nella corrispondente cartella del browser mentre l\u2019utente \u00e8 intento a visitare un sito web, per essere poi ritrasmessi agli stessi siti alla visite successive.Sono utilizzati allo [&hellip;]<\/p>\n","protected":false},"author":1,"featured_media":0,"parent":0,"menu_order":0,"comment_status":"closed","ping_status":"closed","template":"page-legal.php","meta":{"_acf_changed":false,"footnotes":""},"class_list":["post-3793","page","type-page","status-publish","hentry"],"acf":[],"yoast_head":"<!-- This site is optimized with the Yoast SEO plugin v27.2 - https:\/\/yoast.com\/product\/yoast-seo-wordpress\/ -->\n<title>Cookies - Cartotecnica Favini<\/title>\n<meta name=\"robots\" content=\"index, follow, max-snippet:-1, max-image-preview:large, max-video-preview:-1\" \/>\n<link rel=\"canonical\" href=\"https:\/\/www.favini.com\/ct\/cookies\/\" \/>\n<meta property=\"og:locale\" content=\"it_IT\" \/>\n<meta property=\"og:type\" content=\"article\" \/>\n<meta property=\"og:title\" content=\"Cookies - Cartotecnica Favini\" \/>\n<meta property=\"og:description\" content=\"COOKIES E ALTRE INFORMAZIONI TECNICHE I Cookies sono dei piccoli file di testo che i siti visitati inviano al dispositivo di navigazione utilizzato dall\u2019utente (solitamente un browser). Vengono memorizzati nella corrispondente cartella del browser mentre l\u2019utente \u00e8 intento a visitare un sito web, per essere poi ritrasmessi agli stessi siti alla visite successive.Sono utilizzati allo [&hellip;]\" \/>\n<meta property=\"og:url\" content=\"https:\/\/www.favini.com\/ct\/cookies\/\" \/>\n<meta property=\"og:site_name\" content=\"Cartotecnica Favini\" \/>\n<meta property=\"article:modified_time\" content=\"2021-08-27T10:52:24+00:00\" \/>\n<meta name=\"twitter:card\" content=\"summary_large_image\" \/>\n<meta name=\"twitter:label1\" content=\"Tempo di lettura stimato\" \/>\n\t<meta name=\"twitter:data1\" content=\"5 minuti\" \/>\n<script type=\"application\/ld+json\" class=\"yoast-schema-graph\">{\"@context\":\"https:\/\/schema.org\",\"@graph\":[{\"@type\":\"WebPage\",\"@id\":\"https:\/\/www.favini.com\/ct\/cookies\/\",\"url\":\"https:\/\/www.favini.com\/ct\/cookies\/\",\"name\":\"Cookies - Cartotecnica Favini\",\"isPartOf\":{\"@id\":\"https:\/\/www.favini.com\/ct\/#website\"},\"datePublished\":\"2021-08-27T10:52:16+00:00\",\"dateModified\":\"2021-08-27T10:52:24+00:00\",\"inLanguage\":\"it-IT\",\"potentialAction\":[{\"@type\":\"ReadAction\",\"target\":[\"https:\/\/www.favini.com\/ct\/cookies\/\"]}]},{\"@type\":\"WebSite\",\"@id\":\"https:\/\/www.favini.com\/ct\/#website\",\"url\":\"https:\/\/www.favini.com\/ct\/\",\"name\":\"Cartotecnica Favini\",\"description\":\"Scuola, ufficio, creativit\u00e0\",\"potentialAction\":[{\"@type\":\"SearchAction\",\"target\":{\"@type\":\"EntryPoint\",\"urlTemplate\":\"https:\/\/www.favini.com\/ct\/?s={search_term_string}\"},\"query-input\":{\"@type\":\"PropertyValueSpecification\",\"valueRequired\":true,\"valueName\":\"search_term_string\"}}],\"inLanguage\":\"it-IT\"}]}<\/script>\n<!-- \/ Yoast SEO plugin. -->","yoast_head_json":{"title":"Cookies - Cartotecnica Favini","robots":{"index":"index","follow":"follow","max-snippet":"max-snippet:-1","max-image-preview":"max-image-preview:large","max-video-preview":"max-video-preview:-1"},"canonical":"https:\/\/www.favini.com\/ct\/cookies\/","og_locale":"it_IT","og_type":"article","og_title":"Cookies - Cartotecnica Favini","og_description":"COOKIES E ALTRE INFORMAZIONI TECNICHE I Cookies sono dei piccoli file di testo che i siti visitati inviano al dispositivo di navigazione utilizzato dall\u2019utente (solitamente un browser). Vengono memorizzati nella corrispondente cartella del browser mentre l\u2019utente \u00e8 intento a visitare un sito web, per essere poi ritrasmessi agli stessi siti alla visite successive.Sono utilizzati allo [&hellip;]","og_url":"https:\/\/www.favini.com\/ct\/cookies\/","og_site_name":"Cartotecnica Favini","article_modified_time":"2021-08-27T10:52:24+00:00","twitter_card":"summary_large_image","twitter_misc":{"Tempo di lettura stimato":"5 minuti"},"schema":{"@context":"https:\/\/schema.org","@graph":[{"@type":"WebPage","@id":"https:\/\/www.favini.com\/ct\/cookies\/","url":"https:\/\/www.favini.com\/ct\/cookies\/","name":"Cookies - Cartotecnica Favini","isPartOf":{"@id":"https:\/\/www.favini.com\/ct\/#website"},"datePublished":"2021-08-27T10:52:16+00:00","dateModified":"2021-08-27T10:52:24+00:00","inLanguage":"it-IT","potentialAction":[{"@type":"ReadAction","target":["https:\/\/www.favini.com\/ct\/cookies\/"]}]},{"@type":"WebSite","@id":"https:\/\/www.favini.com\/ct\/#website","url":"https:\/\/www.favini.com\/ct\/","name":"Cartotecnica Favini","description":"Scuola, ufficio, creativit\u00e0","potentialAction":[{"@type":"SearchAction","target":{"@type":"EntryPoint","urlTemplate":"https:\/\/www.favini.com\/ct\/?s={search_term_string}"},"query-input":{"@type":"PropertyValueSpecification","valueRequired":true,"valueName":"search_term_string"}}],"inLanguage":"it-IT"}]}},"_links":{"self":[{"href":"https:\/\/www.favini.com\/ct\/wp-json\/wp\/v2\/pages\/3793","targetHints":{"allow":["GET"]}}],"collection":[{"href":"https:\/\/www.favini.com\/ct\/wp-json\/wp\/v2\/pages"}],"about":[{"href":"https:\/\/www.favini.com\/ct\/wp-json\/wp\/v2\/types\/page"}],"author":[{"embeddable":true,"href":"https:\/\/www.favini.com\/ct\/wp-json\/wp\/v2\/users\/1"}],"replies":[{"embeddable":true,"href":"https:\/\/www.favini.com\/ct\/wp-json\/wp\/v2\/comments?post=3793"}],"version-history":[{"count":1,"href":"https:\/\/www.favini.com\/ct\/wp-json\/wp\/v2\/pages\/3793\/revisions"}],"predecessor-version":[{"id":3794,"href":"https:\/\/www.favini.com\/ct\/wp-json\/wp\/v2\/pages\/3793\/revisions\/3794"}],"wp:attachment":[{"href":"https:\/\/www.favini.com\/ct\/wp-json\/wp\/v2\/media?parent=3793"}],"curies":[{"name":"wp","href":"https:\/\/api.w.org\/{rel}","templated":true}]}}